{"id":401,"date":"2022-07-18T10:57:04","date_gmt":"2022-07-18T08:57:04","guid":{"rendered":"http:\/\/bsc.lu\/home\/"},"modified":"2022-08-08T09:22:14","modified_gmt":"2022-08-08T07:22:14","slug":"home","status":"publish","type":"page","link":"https:\/\/bsc.lu\/de\/","title":{"rendered":"Home"},"content":{"rendered":"<p>[vc_section full_width=&#8220;stretch_row&#8220; el_id=&#8220;intro&#8220; css=&#8220;.vc_custom_1658158327368{background: #000000 url(\/wp-content\/uploads\/2022\/07\/Group-774.png?id=396) !important;}&#8220;][vc_row][vc_column width=&#8220;1\/2&#8243;][\/vc_column][vc_column width=&#8220;1\/2&#8243;][vc_column_text]<\/p>\n<h1 class=\"upper\">Building Solutions &amp; Consulting<\/h1>\n<p>[\/vc_column_text][vc_column_text css=&#8220;.vc_custom_1658158340712{margin-bottom: 0px !important;}&#8220; el_id=&#8220;intro-text&#8220;]<strong>Das Ingenieurb\u00fcro Building Solutions &amp; Consulting (BSC) bietet s\u00e4mtliche Leistungen an, die den Einsatz spezieller Techniken erfordern \u2013 von der Planung bis hin zur Ausf\u00fchrung. BSC wartet mit innovativen L\u00f6sungen in den Bereichen Elektrizit\u00e4t, Sanit\u00e4r, L\u00fcftungstechnik, Heizung und K\u00e4ltetechnik auf.<\/strong>[\/vc_column_text][vc_btn title=&#8220;Mehr \u00fcber uns erfahren&#8220; link=&#8220;url:%2Fde%2Fdas-unternehmen%2F|title:Das%20Unternehmen&#8220; el_class=&#8220;cta-btn upper&#8220;][\/vc_column][\/vc_row][vc_row full_width=&#8220;stretch_row_content_no_spaces&#8220; el_class=&#8220;skew-bot-row skew-bot-row-black&#8220;][vc_column][\/vc_column][\/vc_row][\/vc_section][vc_section full_width=&#8220;stretch_row&#8220; css=&#8220;.vc_custom_1658158580581{background-color: #000000 !important;}&#8220; el_class=&#8220;top-pad-4&#8243; el_id=&#8220;home-activity-sec&#8220;][vc_row el_class=&#8220;bot-mar-4&#8243;][vc_column][vc_column_text el_class=&#8220;al-center white&#8220;]<\/p>\n<h2 class=\"upper\">Unsere T\u00e4tigkeitsfelder<\/h2>\n<p>[\/vc_column_text][\/vc_column][\/vc_row][vc_row el_id=&#8220;home-activity-slider-wrap&#8220;][vc_column][vc_row_inner][vc_column_inner width=&#8220;1\/2&#8243;][vc_single_image image=&#8220;148&#8243; img_size=&#8220;full&#8220; alignment=&#8220;center&#8220; onclick=&#8220;custom_link&#8220; el_class=&#8220;no-space-img&#8220; link=&#8220;\/de\/taetigkeitsfelder\/technische-gebaeudeausruestung\/&#8220;][vc_column_text]<\/p>\n<h3 class=\"activity-slider-head\">Technische Geb\u00e4udeausr\u00fcstung<\/h3>\n<p class=\"activity-slider-excerpt\">BSC wartet mit innovativen L\u00f6sungen in den Bereichen Elektrizit\u00e4t, Sanit\u00e4r, L\u00fcftungstechnik, Heizung und K\u00e4ltetechnik auf.<\/p>\n<p>[\/vc_column_text][\/vc_column_inner][vc_column_inner el_class=&#8220;hidden&#8220; width=&#8220;1\/2&#8243;][vc_single_image image=&#8220;107&#8243; img_size=&#8220;full&#8220; alignment=&#8220;center&#8220; onclick=&#8220;custom_link&#8220; el_class=&#8220;no-space-img&#8220; link=&#8220;\/de\/taetigkeitsfelder\/energie-und-umwelt\/&#8220;][vc_column_text]<\/p>\n<h3 class=\"activity-slider-head\">Energie und Umwelt<\/h3>\n<p class=\"activity-slider-excerpt\">In enger Zusammenarbeit mit der QSUE-Abteilung: Energiepass, Zertifizierung nach BREEAM (britisches Nachhaltigkeitszertifikat), Passivhaus-Designer, Blower-Door-Test, Thermografie, W\u00e4rmebr\u00fccken, Beantragung von&#8230;<\/p>\n<p>[\/vc_column_text][\/vc_column_inner][\/vc_row_inner][\/vc_column][\/vc_row][vc_row disable_element=&#8220;yes&#8220;][vc_column][vc_raw_html]JTNDc2NyaXB0JTIwc3JjJTNEJTIyJTJGd3AtY29udGVudCUyRnBsdWdpbnMlMkZsc2MtZnJvbnRlbmQtZW50aXR5JTJGaW5jbHVkZXMlMkZvd2wtY2Fyb3VzZWwtMiUyRmRpc3QlMkZvd2wuY2Fyb3VzZWwubWluLmpzJTNGdmVyJTNENS45JTIyJTNFJTNDJTJGc2NyaXB0JTNFJTBBJTNDbGluayUyMHJlbCUzRCUyMnN0eWxlc2hlZXQlMjIlMjBpZCUzRCUyMm93bC1jYXJvdXNlbC1zdHlsZXMtY3NzJTIyJTIwaHJlZiUzRCUyMiUyRndwLWNvbnRlbnQlMkZwbHVnaW5zJTJGbHNjLWZyb250ZW5kLWVudGl0eSUyRmluY2x1ZGVzJTJGb3dsLWNhcm91c2VsLTIlMkZkaXN0JTJGYXNzZXRzJTJGb3dsLmNhcm91c2VsLmNzcyUzRnZlciUzRDUuOSUyMiUyMHR5cGUlM0QlMjJ0ZXh0JTJGY3NzJTIyJTIwbWVkaWElM0QlMjJhbGwlMjIlM0UlMEElMEElM0NzY3JpcHQlM0UlMEFqUXVlcnklMjhmdW5jdGlvbiUyOCUyOSU3QiUwQWpRdWVyeSUyOCUyNyUyM2hvbWUtYWN0aXZpdHktc2xpZGVyLXdyYXAlMjAlM0UlMjBkaXYlMjAlM0UlMjBkaXYlMjAlM0UlMjAud3BiX3dyYXBwZXIlMjclMjkuYWRkQ2xhc3MlMjglMjdvd2wtdGhlbWUlMjclMjkuYWRkQ2xhc3MlMjglMjdvd2wtY2Fyb3VzZWwlMjclMjkub3dsQ2Fyb3VzZWwlMjglN0IlMEFtYXJnaW4lM0ElMjA2MCUyQyUwQSUwOSUwOWl0ZW1zJTNBJTIwMiUyQyUwQWNlbnRlciUzQSUyMHRydWUlMkMlMEFhdXRvcGxheSUzQSUyMHRydWUlMkMlMEFhdXRvcGxheVNwZWVkJTNBJTIwMTAwMCUyQyUwQWF1dG9wbGF5SW50ZXJ2YWwlM0ElMjAzMDAwJTJDJTBBbmF2JTNBJTIwdHJ1ZSUyQyUwQWxvb3AlM0ElMjB0cnVlJTJDJTBBcmVzcG9uc2l2ZSUyMCUzQSUyMCUwQSU3QiUwQSUyMCUyMDAlMjAlM0ElMjAlN0IlMjBpdGVtcyUzQSUyMDElMkMlMjBjZW50ZXIlMjAlM0ElMjBmYWxzZSUyQyUyMG1hcmdpbiUzQTEwJTIwJTdEJTJDJTIwJTIwJTBBJTIwJTIwNDgwJTIwJTNBJTIwJTdCJTIwaXRlbXMlMjAlM0ElMjAyJTJDJTIwY2VudGVyJTIwJTNBJTIwZmFsc2UlMkMlMjBtYXJnaW4lM0E0MCUyMCU3RCUwQSU3RCUwQSUwOSU3RCUyOSUwQSU3RCUyOSUzQiUwQSUzQyUyRnNjcmlwdCUzRQ==[\/vc_raw_html][\/vc_column][\/vc_row][vc_row el_class=&#8220;top-mar-4 bot-mar-2 cta-row&#8220;][vc_column][vc_btn title=&#8220;Alle ansehen&#8220; align=&#8220;center&#8220; link=&#8220;url:%2Fde%2Ftaetigkeitsfelder%2F|title:T%C3%A4tigkeitsfelder&#8220; el_class=&#8220;cta-btn cta-btn-white&#8220;][\/vc_column][\/vc_row][vc_row full_width=&#8220;stretch_row_content_no_spaces&#8220; disable_element=&#8220;yes&#8220; el_class=&#8220;skew-bot-row skew-bot-row-dark&#8220;][vc_column][\/vc_column][\/vc_row][\/vc_section][vc_section full_width=&#8220;stretch_row&#8220; css=&#8220;.vc_custom_1658158475754{padding-top: 0px !important;background-image: url(\/wp-content\/uploads\/2022\/07\/Image-11.jpg?id=394) !important;}&#8220;][vc_row full_width=&#8220;stretch_row_content_no_spaces&#8220; el_class=&#8220;skew-top-row skew-top-row-black&#8220;][vc_column][\/vc_column][\/vc_row][vc_row equal_height=&#8220;yes&#8220; content_placement=&#8220;middle&#8220; el_id=&#8220;ref-grid&#8220;][vc_column width=&#8220;1\/3&#8243;][vc_column_text el_class=&#8220;white&#8220;]<\/p>\n<h2 class=\"upper\">Referenzen<\/h2>\n<p>Entdecken Sie mehrere unserer Projekte, die das Know-how der Unternehmen der Gruppe widerspiegeln.[\/vc_column_text][vc_btn title=&#8220;Alle ansehen&#8220; align=&#8220;left&#8220; link=&#8220;url:%2Fde%2Freferenzen%2F|title:Referenzen&#8220; el_class=&#8220;cta-btn cta-btn-white mob-hide-767&#8243;][\/vc_column][vc_column width=&#8220;2\/3&#8243;][vc_basic_grid post_type=&#8220;post&#8220; max_items=&#8220;4&#8243; element_width=&#8220;6&#8243; item=&#8220;234&#8243; grid_id=&#8220;vc_gid:1659943309191-be98a017-194c-10&#8243; taxonomies=&#8220;13&#8243;][\/vc_column][\/vc_row][vc_row el_class=&#8220;mob-block-767&#8243;][vc_column][vc_btn title=&#8220;Alle ansehen&#8220; align=&#8220;center&#8220; link=&#8220;url:%2Fde%2Freferenzen%2F|title:Referenzen&#8220; el_class=&#8220;cta-btn cta-btn-white&#8220;][\/vc_column][\/vc_row][vc_row full_width=&#8220;stretch_row_content_no_spaces&#8220; el_class=&#8220;skew-bot-row skew-bot-row-white&#8220;][vc_column][\/vc_column][\/vc_row][\/vc_section][vc_section][vc_row el_class=&#8220;top-mar-2 bot-mar-4&#8243;][vc_column][vc_column_text]<\/p>\n<h2 class=\"al-center upper\">Aktuelles<\/h2>\n<p>[\/vc_column_text][\/vc_column][\/vc_row][vc_row el_class=&#8220;actualite-grid&#8220;][vc_column][vc_basic_grid post_type=&#8220;post&#8220; max_items=&#8220;3&#8243; item=&#8220;326&#8243; grid_id=&#8220;vc_gid:1659943309193-abb257f6-90d2-7&#8243; taxonomies=&#8220;9&#8243;][\/vc_column][\/vc_row][vc_row][vc_column][vc_btn title=&#8220;Alle News&#8220; align=&#8220;center&#8220; link=&#8220;url:%2Fde%2Faktuelles%2F|title:Aktuelles&#8220; el_class=&#8220;cta-btn&#8220;][\/vc_column][\/vc_row][\/vc_section]<\/p>\n","protected":false},"excerpt":{"rendered":"<p>[vc_section full_width=&#8220;stretch_row&#8220; el_id=&#8220;intro&#8220; css=&#8220;.vc_custom_1658158327368{background: #000000 url(\/wp-content\/uploads\/2022\/07\/Group-774.png?id=396) !important;}&#8220;][vc_row][vc_column width=&#8220;1\/2&#8243;][\/vc_column][vc_column width=&#8220;1\/2&#8243;][vc_column_text] Building Solutions &amp; Consulting [\/vc_column_text][vc_column_text css=&#8220;.vc_custom_1658158340712{margin-bottom: 0px !important;}&#8220; el_id=&#8220;intro-text&#8220;]Das Ingenieurb\u00fcro Building Solutions &amp; Consulting (BSC) bietet s\u00e4mtliche<span class=\"excerpt-hellip\"> [\u2026]<\/span><\/p>\n","protected":false},"author":1,"featured_media":0,"parent":0,"menu_order":0,"comment_status":"closed","ping_status":"closed","template":"","meta":{"footnotes":""},"class_list":["post-401","page","type-page","status-publish","hentry"],"yoast_head":"<!-- This site is optimized with the Yoast SEO plugin v19.14 - https:\/\/yoast.com\/wordpress\/plugins\/seo\/ -->\n<title>BSC Building Solution &amp; Consulting - Spezielle Techniken - Luxemburg<\/title>\n<meta name=\"robots\" content=\"index, follow, max-snippet:-1, max-image-preview:large, max-video-preview:-1\" \/>\n<link rel=\"canonical\" href=\"https:\/\/bsc.lu\/de\/\" \/>\n<meta property=\"og:locale\" content=\"de_DE\" \/>\n<meta property=\"og:type\" content=\"article\" \/>\n<meta property=\"og:title\" content=\"BSC Building Solution &amp; Consulting - Spezielle Techniken - Luxemburg\" \/>\n<meta property=\"og:description\" content=\"[vc_section full_width=&#8220;stretch_row&#8220; el_id=&#8220;intro&#8220; css=&#8220;.vc_custom_1658158327368{background: #000000 url(\/wp-content\/uploads\/2022\/07\/Group-774.png?id=396) !important;}&#8220;][vc_row][vc_column width=&#8220;1\/2&#8243;][\/vc_column][vc_column width=&#8220;1\/2&#8243;][vc_column_text] Building Solutions &amp; Consulting [\/vc_column_text][vc_column_text css=&#8220;.vc_custom_1658158340712{margin-bottom: 0px !important;}&#8220; el_id=&#8220;intro-text&#8220;]Das Ingenieurb\u00fcro Building Solutions &amp; Consulting (BSC) bietet s\u00e4mtliche [\u2026]\" \/>\n<meta property=\"og:url\" content=\"https:\/\/bsc.lu\/de\/\" \/>\n<meta property=\"og:site_name\" content=\"BSC - Building Solutions &amp; Consulting\" \/>\n<meta property=\"article:modified_time\" content=\"2022-08-08T07:22:14+00:00\" \/>\n<meta name=\"twitter:card\" content=\"summary_large_image\" \/>\n<meta name=\"twitter:label1\" content=\"Gesch\u00e4tzte Lesezeit\" \/>\n\t<meta name=\"twitter:data1\" content=\"1\u00a0Minute\" \/>\n<script type=\"application\/ld+json\" class=\"yoast-schema-graph\">{\"@context\":\"https:\/\/schema.org\",\"@graph\":[{\"@type\":\"WebPage\",\"@id\":\"https:\/\/bsc.lu\/de\/\",\"url\":\"https:\/\/bsc.lu\/de\/\",\"name\":\"BSC Building Solution & Consulting - Spezielle Techniken - Luxemburg\",\"isPartOf\":{\"@id\":\"https:\/\/bsc.lu\/#website\"},\"datePublished\":\"2022-07-18T08:57:04+00:00\",\"dateModified\":\"2022-08-08T07:22:14+00:00\",\"breadcrumb\":{\"@id\":\"https:\/\/bsc.lu\/de\/#breadcrumb\"},\"inLanguage\":\"de\",\"potentialAction\":[{\"@type\":\"ReadAction\",\"target\":[\"https:\/\/bsc.lu\/de\/\"]}]},{\"@type\":\"BreadcrumbList\",\"@id\":\"https:\/\/bsc.lu\/de\/#breadcrumb\",\"itemListElement\":[{\"@type\":\"ListItem\",\"position\":1,\"name\":\"Home\",\"item\":\"https:\/\/bsc.lu\/de\/\"},{\"@type\":\"ListItem\",\"position\":2,\"name\":\"Home\"}]},{\"@type\":\"WebSite\",\"@id\":\"https:\/\/bsc.lu\/#website\",\"url\":\"https:\/\/bsc.lu\/\",\"name\":\"BSC - Building Solutions &amp; Consulting\",\"description\":\"Un site utilisant WordPress\",\"inLanguage\":\"de\"}]}<\/script>\n<!-- \/ Yoast SEO plugin. -->","yoast_head_json":{"title":"BSC Building Solution & Consulting - Spezielle Techniken - Luxemburg","robots":{"index":"index","follow":"follow","max-snippet":"max-snippet:-1","max-image-preview":"max-image-preview:large","max-video-preview":"max-video-preview:-1"},"canonical":"https:\/\/bsc.lu\/de\/","og_locale":"de_DE","og_type":"article","og_title":"BSC Building Solution & Consulting - Spezielle Techniken - Luxemburg","og_description":"[vc_section full_width=&#8220;stretch_row&#8220; el_id=&#8220;intro&#8220; css=&#8220;.vc_custom_1658158327368{background: #000000 url(\/wp-content\/uploads\/2022\/07\/Group-774.png?id=396) !important;}&#8220;][vc_row][vc_column width=&#8220;1\/2&#8243;][\/vc_column][vc_column width=&#8220;1\/2&#8243;][vc_column_text] Building Solutions &amp; Consulting [\/vc_column_text][vc_column_text css=&#8220;.vc_custom_1658158340712{margin-bottom: 0px !important;}&#8220; el_id=&#8220;intro-text&#8220;]Das Ingenieurb\u00fcro Building Solutions &amp; Consulting (BSC) bietet s\u00e4mtliche [\u2026]","og_url":"https:\/\/bsc.lu\/de\/","og_site_name":"BSC - Building Solutions &amp; Consulting","article_modified_time":"2022-08-08T07:22:14+00:00","twitter_card":"summary_large_image","twitter_misc":{"Gesch\u00e4tzte Lesezeit":"1\u00a0Minute"},"schema":{"@context":"https:\/\/schema.org","@graph":[{"@type":"WebPage","@id":"https:\/\/bsc.lu\/de\/","url":"https:\/\/bsc.lu\/de\/","name":"BSC Building Solution & Consulting - Spezielle Techniken - Luxemburg","isPartOf":{"@id":"https:\/\/bsc.lu\/#website"},"datePublished":"2022-07-18T08:57:04+00:00","dateModified":"2022-08-08T07:22:14+00:00","breadcrumb":{"@id":"https:\/\/bsc.lu\/de\/#breadcrumb"},"inLanguage":"de","potentialAction":[{"@type":"ReadAction","target":["https:\/\/bsc.lu\/de\/"]}]},{"@type":"BreadcrumbList","@id":"https:\/\/bsc.lu\/de\/#breadcrumb","itemListElement":[{"@type":"ListItem","position":1,"name":"Home","item":"https:\/\/bsc.lu\/de\/"},{"@type":"ListItem","position":2,"name":"Home"}]},{"@type":"WebSite","@id":"https:\/\/bsc.lu\/#website","url":"https:\/\/bsc.lu\/","name":"BSC - Building Solutions &amp; Consulting","description":"Un site utilisant WordPress","inLanguage":"de"}]}},"_links":{"self":[{"href":"https:\/\/bsc.lu\/de\/wp-json\/wp\/v2\/pages\/401","targetHints":{"allow":["GET"]}}],"collection":[{"href":"https:\/\/bsc.lu\/de\/wp-json\/wp\/v2\/pages"}],"about":[{"href":"https:\/\/bsc.lu\/de\/wp-json\/wp\/v2\/types\/page"}],"author":[{"embeddable":true,"href":"https:\/\/bsc.lu\/de\/wp-json\/wp\/v2\/users\/1"}],"replies":[{"embeddable":true,"href":"https:\/\/bsc.lu\/de\/wp-json\/wp\/v2\/comments?post=401"}],"version-history":[{"count":4,"href":"https:\/\/bsc.lu\/de\/wp-json\/wp\/v2\/pages\/401\/revisions"}],"predecessor-version":[{"id":435,"href":"https:\/\/bsc.lu\/de\/wp-json\/wp\/v2\/pages\/401\/revisions\/435"}],"wp:attachment":[{"href":"https:\/\/bsc.lu\/de\/wp-json\/wp\/v2\/media?parent=401"}],"curies":[{"name":"wp","href":"https:\/\/api.w.org\/{rel}","templated":true}]}}