{"id":391,"date":"2022-07-18T11:00:04","date_gmt":"2022-07-18T09:00:04","guid":{"rendered":"http:\/\/bsc.lu\/societe\/"},"modified":"2024-07-08T10:45:01","modified_gmt":"2024-07-08T08:45:01","slug":"das-unternehmen","status":"publish","type":"page","link":"https:\/\/bsc.lu\/de\/das-unternehmen\/","title":{"rendered":"Das Unternehmen"},"content":{"rendered":"<p>[vc_section full_width=&#8220;stretch_row&#8220; el_id=&#8220;intro&#8220; css=&#8220;.vc_custom_1658157160845{background: #000000 url(\/wp-content\/uploads\/2022\/07\/Group-610-4.png?id=360) !important;}&#8220;][vc_row][vc_column width=&#8220;1\/2&#8243;][vc_column_text]<\/p>\n<h1 class=\"upper\">\u00dcber uns<\/h1>\n<p>[\/vc_column_text][\/vc_column][vc_column width=&#8220;1\/2&#8243;][\/vc_column][\/vc_row][vc_row full_width=&#8220;stretch_row_content_no_spaces&#8220; el_class=&#8220;skew-bot-row skew-bot-row-black&#8220;][vc_column][\/vc_column][\/vc_row][\/vc_section][vc_section full_width=&#8220;stretch_row&#8220; css=&#8220;.vc_custom_1658157176516{background-color: #000000 !important;}&#8220; el_class=&#8220;top-pad-4&#8243;][vc_row el_class=&#8220;squeeze-row&#8220;][vc_column][vc_column_text el_class=&#8220;white&#8220;]<strong>Das Ingenieurb\u00fcro Building Solutions &amp; Consulting (BSC)<\/strong> bietet s\u00e4mtliche Leistungen im Bereich der <strong>Technischen Geb\u00e4udeausr\u00fcstung (TGA) <\/strong>an, von der Planung bis hin zur Ausf\u00fchrungs\u00fcberwachung. BSC wartet mit innovativen L\u00f6sungen in den Bereichen <strong>Elektrizit\u00e4t, Sanit\u00e4r, L\u00fcftungstechnik, Heizung und K\u00e4ltetechnik <\/strong>auf.<\/p>\n<p>Das Unternehmen BSC ist aus dem Wunsch der LSC Engineering Group entstanden, mehr Leistungen anzubieten, die den Einsatz von Haustechniken erfordern. Dank seiner gro\u00dfen Bandbreite an Projekten und Kunden konnte das Unternehmen seine Marktposition st\u00e4rken. BSC \u00fcbernimmt nicht nur die umfassende Projektierung gesamter Bauvorhaben, sondern f\u00fchrt auch <strong>ma\u00dfgeschneiderte Projektierungsauftr\u00e4ge<\/strong> aus.[\/vc_column_text][vc_btn title=&#8220;Fiche de prestations&#8220; align=&#8220;center&#8220; link=&#8220;url:%2Fwp-content%2Fuploads%2F2022%2F07%2FBSC_COM_SUP_PII_20210716_Plaquette_A3_web.pdf|target:_blank&#8220; el_class=&#8220;cta-btn cta-btn-white hidden&#8220;][\/vc_column][\/vc_row][vc_row full_width=&#8220;stretch_row_content_no_spaces&#8220; el_class=&#8220;skew-bot-row skew-bot-row-special&#8220;][vc_column][\/vc_column][\/vc_row][\/vc_section][vc_section full_width=&#8220;stretch_row&#8220; css=&#8220;.vc_custom_1658157327735{background-color: #fac300 !important;}&#8220; el_class=&#8220;top-pad-6&#8243;][vc_row][vc_column][vc_column_text]<\/p>\n<h2 class=\"al-center white upper bot-mar-2\">Die Bausteine unseres Erfolgs<\/h2>\n<p>[\/vc_column_text][\/vc_column][\/vc_row][vc_row el_id=&#8220;value-row&#8220;][vc_column width=&#8220;1\/3&#8243;][vc_single_image image=&#8220;350&#8243; img_size=&#8220;full&#8220; alignment=&#8220;center&#8220;][vc_column_text el_class=&#8220;white&#8220;]<\/p>\n<h3 class=\"upper\">Schnelle Reaktionszeiten<\/h3>\n<p>Aufgrund der \u00fcberschaubaren Gr\u00f6\u00dfe unseres Unternehmens k\u00f6nnen wir Anfragen von Kunden quasi in Echtzeit beantworten. Durch unsere Kundenn\u00e4he sowie den schnellen und konstruktiven Austausch k\u00f6nnen wir die Kunden effizient bei der Abwicklung ihrer Projekte begleiten.[\/vc_column_text][\/vc_column][vc_column width=&#8220;1\/3&#8243;][vc_single_image image=&#8220;356&#8243; img_size=&#8220;full&#8220; alignment=&#8220;center&#8220;][vc_column_text el_class=&#8220;white&#8220;]<\/p>\n<h3 class=\"upper\">Ein offenes Ohr<\/h3>\n<p>Egal um welche Art von Projekt es sich handelt, jedes Vorhaben muss entsprechend dem vom Bauherrn gew\u00fcnschten Zweck individuell analysiert werden. BSC verfolgt bei allen Projekten einen personalisierten Ansatz, sowohl in Bezug auf menschliche Aspekte als auch was die technischen Faktoren anbelangt. Unsere Teams bem\u00fchen sich fortw\u00e4hrend, auf Ihre Bed\u00fcrfnisse einzugehen und Sie bei Ihren Projekten objektiv zu beraten.[\/vc_column_text][\/vc_column][vc_column width=&#8220;1\/3&#8243;][vc_single_image image=&#8220;358&#8243; img_size=&#8220;full&#8220; alignment=&#8220;center&#8220;][vc_column_text el_class=&#8220;white&#8220;]<\/p>\n<h3 class=\"upper\">Teamgeist<\/h3>\n<p>Wir stellen unsere Kenntnisse in den Dienst Ihres Projekts, um Ihre Ideen umzusetzen. Diese Ideen k\u00f6nnen aber nur Gestalt annehmen, wenn alle Beteiligten eine einheitliche Vorstellung haben und in perfektem Zusammenspiel t\u00e4tig werden. BSC strebt nach einer flexiblen und lohnenden Partnerschaft mit den Bauherren und den f\u00fcr die Baubetreuung zust\u00e4ndigen Teams.[\/vc_column_text][\/vc_column][\/vc_row][vc_row full_width=&#8220;stretch_row_content_no_spaces&#8220; el_class=&#8220;skew-bot-row skew-bot-row-white top-mar-4&#8243;][vc_column][\/vc_column][\/vc_row][\/vc_section][vc_section el_class=&#8220;team-sec top-pad-4&#8243;][vc_row][vc_column][vc_column_text]<\/p>\n<h2 class=\"al-center upper bot-mar-3\">Gesch\u00e4ftsf\u00fchrung<\/h2>\n<p>[\/vc_column_text][\/vc_column][\/vc_row][vc_row equal_height=&#8220;yes&#8220; el_class=&#8220;team-row&#8220;][vc_column width=&#8220;1\/3&#8243;][\/vc_column][vc_column width=&#8220;1\/3&#8243;][vc_single_image image=&#8220;352&#8243; img_size=&#8220;full&#8220; alignment=&#8220;center&#8220; el_class=&#8220;no-space-img&#8220;][vc_column_text el_class=&#8220;team-social-overlay&#8220;]<a href=\"https:\/\/www.linkedin.com\/in\/julien-bourguignon-8040b622\/\" target=\"_blank\" rel=\"nofollow noopener\"><i class=\"fab fa-linkedin-in\"><span class=\"social-placeholder\">.<\/span><\/i><\/a>[\/vc_column_text][vc_column_text el_class=&#8220;team-desc&#8220;]<\/p>\n<h6>Julien BOURGUIGNON<\/h6>\n<p><span class=\"team-position\">Gesch\u00e4ftsf\u00fchrender Direktor<br \/>\nDiplomingenieur<\/span>[\/vc_column_text][\/vc_column][vc_column width=&#8220;1\/3&#8243;][vc_single_image image=&#8220;354&#8243; img_size=&#8220;full&#8220; alignment=&#8220;center&#8220; el_class=&#8220;no-space-img&#8220;][vc_column_text el_class=&#8220;team-desc&#8220;]<\/p>\n<h6>Geoffrey MAZZUCOTELLI<\/h6>\n<p><span class=\"team-position\">Gesch\u00e4ftsf\u00fchrender Direktor<br \/>\nDiplomingenieur<\/span>[\/vc_column_text][\/vc_column][\/vc_row][\/vc_section][vc_section full_width=&#8220;stretch_row&#8220; css=&#8220;.vc_custom_1658157514240{padding-top: 0px !important;background-image: url(\/wp-content\/uploads\/2022\/07\/Mask-Group-177.jpg?id=364) !important;}&#8220; el_id=&#8220;esr&#8220;][vc_row full_width=&#8220;stretch_row_content_no_spaces&#8220; el_class=&#8220;skew-top-row skew-top-row-white&#8220;][vc_column][\/vc_column][\/vc_row][vc_row equal_height=&#8220;yes&#8220; content_placement=&#8220;middle&#8220; el_class=&#8220;top-mar-4&#8243;][vc_column width=&#8220;1\/3&#8243;][vc_single_image image=&#8220;362&#8243; img_size=&#8220;full&#8220; alignment=&#8220;center&#8220; css=&#8220;.vc_custom_1658157525868{margin-bottom: 0px !important;}&#8220;][\/vc_column][vc_column width=&#8220;2\/3&#8243;][vc_column_text]<\/p>\n<h3 id=\"rse-heading\" class=\"upper al-center\"><strong>Unser CSR Ansatz<\/strong><\/h3>\n<p>[\/vc_column_text][vc_column_text]Die Mitarbeiter von BSC haben sich den mit unserem <strong>CSR-Ansatz (Corporate Social Responsibility)<\/strong> verbundenen gesellschaftlichen und umweltbezogenen Werten verschrieben und setzen diese in ihrem Arbeitsalltag um. Die ordnungsgem\u00e4\u00dfe Verwaltung der CSR-Ma\u00dfnahmen erfolgt, genauso wie die <strong>Qualit\u00e4tssicherung<\/strong>, zentralisiert f\u00fcr die gesamte Unternehmensgruppe \u00fcber unser integriertes Managementsystem (IMS), das die \u00dcberwachung und Umsetzung der in diesem Bereich getroffenen Ma\u00dfnahmen gew\u00e4hrleistet.[\/vc_column_text][vc_btn title=&#8220;Mehr dazu&#8220; align=&#8220;center&#8220; link=&#8220;url:https%3A%2F%2Flsc-group.lu%2Fde%2Funsere-strategie%2F|target:_blank&#8220; el_class=&#8220;cta-btn&#8220;][\/vc_column][\/vc_row][vc_row full_width=&#8220;stretch_row_content_no_spaces&#8220; el_class=&#8220;skew-bot-row skew-bot-row-white&#8220;][vc_column][\/vc_column][\/vc_row][\/vc_section][vc_section el_class=&#8220;top-mar-4&#8243;][vc_row][vc_column][vc_column_text]<\/p>\n<h2 class=\"al-center upper\"><strong>Die Gruppe<\/strong><\/h2>\n<p>[\/vc_column_text][vc_column_text el_class=&#8220;black&#8220;]Die <strong>LSC Engineering Group<\/strong>, die aus der langj\u00e4hrigen Zusammenarbeit von Simon-Christiansen &amp; Associ\u00e9s mit Luxplan hervorgegangen ist, umfasst heute <strong>neun Unternehmen in Luxemburg <\/strong>und <strong>sechs Unternehmen im Ausland<\/strong>.<\/p>\n<p>Diese Unternehmen b\u00fcndeln jeden Tag ihr Know-how, um den Anforderungen des Markts im <strong>Baubereich und auf dem Gebiet der Raumordnung <\/strong>gerecht zu werden. Mit den angebotenen Leistungen strebt die Gruppe danach, die Bau-, Renovierungs- oder Umbauprojekte <strong>ihrer Kunden in allen Phasen betreuen zu k\u00f6nnen<\/strong>.<\/p>\n<p>Dank des Engagements und des Fachwissens ihres erfahrenen und bereichs\u00fcbergreifend t\u00e4tigen Personals konnte sich die Gruppe im Laufe ihres <strong>44-j\u00e4hrigen Bestehens <\/strong>zu einem der <strong>Marktf\u00fchrer dieser Branche in Luxemburg<\/strong> aufschwingen. Heute hat die Gruppe, die sich durch die Vielfalt ihrer Besch\u00e4ftigten auszeichnet, mehr als <strong>300 Mitarbeiter<\/strong>, wobei sich die Teams aus jungen, dynamischen Talenten und erfahrenen Arbeitnehmern zusammensetzen.[\/vc_column_text][\/vc_column][\/vc_row][vc_row][vc_column][vc_btn title=&#8220;Mehr \u00fcber die Gruppe erfahren&#8220; align=&#8220;center&#8220; link=&#8220;url:https%3A%2F%2Flsc-group.lu|target:_blank&#8220; el_class=&#8220;cta-btn&#8220;][\/vc_column][\/vc_row][vc_row][vc_column][vc_column_text el_class=&#8220;al-center black bordered-content top-mar-4 bot-mar-4&#8243;]<strong>Die h\u00e4ufige Zusammenarbeit und geografische N\u00e4he zu den anderen Konzerngesellschaften stellen ohne Zweifel einen betr\u00e4chtlichen Vorteil f\u00fcr BSC dar.<\/strong><\/p>\n<p>[\/vc_column_text][\/vc_column][\/vc_row][vc_row][vc_column][vc_images_carousel images=&#8220;500,384,366,368,372,536,374,376,526,518,380,382,528,370,611&#8243; img_size=&#8220;full&#8220; onclick=&#8220;custom_link&#8220; custom_links_target=&#8220;_blank&#8220; speed=&#8220;3000&#8243; slides_per_view=&#8220;5&#8243; autoplay=&#8220;yes&#8220; hide_pagination_control=&#8220;yes&#8220; wrap=&#8220;yes&#8220; el_id=&#8220;company-logos&#8220; custom_links=&#8220;#E-8_aHR0cHMlM0ElMkYlMkZiZmgtaW5nZW5pZXVyZS5kZSUyRiUyQ2h0dHBzJTNBJTJGJTJGZGV2b2x1eC5sdSUyRiUyQ2h0dHBzJTNBJTJGJTJGZ2VvY29uc2VpbHMubHUlMkYlMkNodHRwcyUzQSUyRiUyRmdlb2NvbnNlaWxzLmx1JTJGJTJDaHR0cHMlM0ElMkYlMkZpbnRlcmFsaWEubHUlMkYlMkNodHRwcyUzQSUyRiUyRmxzYy1lbnYubHUlMkYlMkNodHRwcyUzQSUyRiUyRmx1eHBsYW4ubHUlMkYlMkNodHRwcyUzQSUyRiUyRmx1eHNlbnNlLmx1JTJGJTJDaHR0cHMlM0ElMkYlMkZjYXJsby1tZXJzY2gubHUlMkNodHRwcyUzQSUyRiUyRnNjYWZyaXF1ZS5jb20lMkYlMkNodHRwcyUzQSUyRiUyRnNjLWZyYW5jZS5mciUyRiUyQ2h0dHBzJTNBJTJGJTJGc2ltb24tY2hyaXN0aWFuc2VuLmx1JTJGJTJDaHR0cHMlM0ElMkYlMkZza2lsbHNjZW50ZXIubHUlMkNodHRwcyUzQSUyRiUyRnppbG1wbGFuLmx1JTJG&#8220;][\/vc_column][\/vc_row][\/vc_section]<\/p>\n","protected":false},"excerpt":{"rendered":"<p>[vc_section full_width=&#8220;stretch_row&#8220; el_id=&#8220;intro&#8220; css=&#8220;.vc_custom_1658157160845{background: #000000 url(\/wp-content\/uploads\/2022\/07\/Group-610-4.png?id=360) !important;}&#8220;][vc_row][vc_column width=&#8220;1\/2&#8243;][vc_column_text] \u00dcber uns [\/vc_column_text][\/vc_column][vc_column width=&#8220;1\/2&#8243;][\/vc_column][\/vc_row][vc_row full_width=&#8220;stretch_row_content_no_spaces&#8220; el_class=&#8220;skew-bot-row skew-bot-row-black&#8220;][vc_column][\/vc_column][\/vc_row][\/vc_section][vc_section full_width=&#8220;stretch_row&#8220; css=&#8220;.vc_custom_1658157176516{background-color: #000000 !important;}&#8220; el_class=&#8220;top-pad-4&#8243;][vc_row el_class=&#8220;squeeze-row&#8220;][vc_column][vc_column_text el_class=&#8220;white&#8220;]Das Ingenieurb\u00fcro Building Solutions &amp;<span class=\"excerpt-hellip\"> [\u2026]<\/span><\/p>\n","protected":false},"author":1,"featured_media":0,"parent":0,"menu_order":0,"comment_status":"closed","ping_status":"closed","template":"","meta":{"footnotes":""},"class_list":["post-391","page","type-page","status-publish","hentry"],"yoast_head":"<!-- This site is optimized with the Yoast SEO plugin v19.14 - https:\/\/yoast.com\/wordpress\/plugins\/seo\/ -->\n<title>BSC Building Solutions &amp; Consulting - Vorstellung des Unternehmens<\/title>\n<meta name=\"robots\" content=\"index, follow, max-snippet:-1, max-image-preview:large, max-video-preview:-1\" \/>\n<link rel=\"canonical\" href=\"https:\/\/bsc.lu\/de\/das-unternehmen\/\" \/>\n<meta property=\"og:locale\" content=\"de_DE\" \/>\n<meta property=\"og:type\" content=\"article\" \/>\n<meta property=\"og:title\" content=\"BSC Building Solutions &amp; Consulting - Vorstellung des Unternehmens\" \/>\n<meta property=\"og:description\" content=\"[vc_section full_width=&#8220;stretch_row&#8220; el_id=&#8220;intro&#8220; css=&#8220;.vc_custom_1658157160845{background: #000000 url(\/wp-content\/uploads\/2022\/07\/Group-610-4.png?id=360) !important;}&#8220;][vc_row][vc_column width=&#8220;1\/2&#8243;][vc_column_text] \u00dcber uns [\/vc_column_text][\/vc_column][vc_column width=&#8220;1\/2&#8243;][\/vc_column][\/vc_row][vc_row full_width=&#8220;stretch_row_content_no_spaces&#8220; el_class=&#8220;skew-bot-row skew-bot-row-black&#8220;][vc_column][\/vc_column][\/vc_row][\/vc_section][vc_section full_width=&#8220;stretch_row&#8220; css=&#8220;.vc_custom_1658157176516{background-color: #000000 !important;}&#8220; el_class=&#8220;top-pad-4&#8243;][vc_row el_class=&#8220;squeeze-row&#8220;][vc_column][vc_column_text el_class=&#8220;white&#8220;]Das Ingenieurb\u00fcro Building Solutions &amp; [\u2026]\" \/>\n<meta property=\"og:url\" content=\"https:\/\/bsc.lu\/de\/das-unternehmen\/\" \/>\n<meta property=\"og:site_name\" content=\"BSC - Building Solutions &amp; Consulting\" \/>\n<meta property=\"article:modified_time\" content=\"2024-07-08T08:45:01+00:00\" \/>\n<meta name=\"twitter:card\" content=\"summary_large_image\" \/>\n<meta name=\"twitter:label1\" content=\"Gesch\u00e4tzte Lesezeit\" \/>\n\t<meta name=\"twitter:data1\" content=\"3\u00a0Minuten\" \/>\n<script type=\"application\/ld+json\" class=\"yoast-schema-graph\">{\"@context\":\"https:\/\/schema.org\",\"@graph\":[{\"@type\":\"WebPage\",\"@id\":\"https:\/\/bsc.lu\/de\/das-unternehmen\/\",\"url\":\"https:\/\/bsc.lu\/de\/das-unternehmen\/\",\"name\":\"BSC Building Solutions & Consulting - Vorstellung des Unternehmens\",\"isPartOf\":{\"@id\":\"https:\/\/bsc.lu\/#website\"},\"datePublished\":\"2022-07-18T09:00:04+00:00\",\"dateModified\":\"2024-07-08T08:45:01+00:00\",\"breadcrumb\":{\"@id\":\"https:\/\/bsc.lu\/de\/das-unternehmen\/#breadcrumb\"},\"inLanguage\":\"de\",\"potentialAction\":[{\"@type\":\"ReadAction\",\"target\":[\"https:\/\/bsc.lu\/de\/das-unternehmen\/\"]}]},{\"@type\":\"BreadcrumbList\",\"@id\":\"https:\/\/bsc.lu\/de\/das-unternehmen\/#breadcrumb\",\"itemListElement\":[{\"@type\":\"ListItem\",\"position\":1,\"name\":\"Home\",\"item\":\"https:\/\/bsc.lu\/de\/\"},{\"@type\":\"ListItem\",\"position\":2,\"name\":\"Das Unternehmen\"}]},{\"@type\":\"WebSite\",\"@id\":\"https:\/\/bsc.lu\/#website\",\"url\":\"https:\/\/bsc.lu\/\",\"name\":\"BSC - Building Solutions &amp; Consulting\",\"description\":\"Un site utilisant WordPress\",\"inLanguage\":\"de\"}]}<\/script>\n<!-- \/ Yoast SEO plugin. -->","yoast_head_json":{"title":"BSC Building Solutions & Consulting - Vorstellung des Unternehmens","robots":{"index":"index","follow":"follow","max-snippet":"max-snippet:-1","max-image-preview":"max-image-preview:large","max-video-preview":"max-video-preview:-1"},"canonical":"https:\/\/bsc.lu\/de\/das-unternehmen\/","og_locale":"de_DE","og_type":"article","og_title":"BSC Building Solutions & Consulting - Vorstellung des Unternehmens","og_description":"[vc_section full_width=&#8220;stretch_row&#8220; el_id=&#8220;intro&#8220; css=&#8220;.vc_custom_1658157160845{background: #000000 url(\/wp-content\/uploads\/2022\/07\/Group-610-4.png?id=360) !important;}&#8220;][vc_row][vc_column width=&#8220;1\/2&#8243;][vc_column_text] \u00dcber uns [\/vc_column_text][\/vc_column][vc_column width=&#8220;1\/2&#8243;][\/vc_column][\/vc_row][vc_row full_width=&#8220;stretch_row_content_no_spaces&#8220; el_class=&#8220;skew-bot-row skew-bot-row-black&#8220;][vc_column][\/vc_column][\/vc_row][\/vc_section][vc_section full_width=&#8220;stretch_row&#8220; css=&#8220;.vc_custom_1658157176516{background-color: #000000 !important;}&#8220; el_class=&#8220;top-pad-4&#8243;][vc_row el_class=&#8220;squeeze-row&#8220;][vc_column][vc_column_text el_class=&#8220;white&#8220;]Das Ingenieurb\u00fcro Building Solutions &amp; [\u2026]","og_url":"https:\/\/bsc.lu\/de\/das-unternehmen\/","og_site_name":"BSC - Building Solutions &amp; Consulting","article_modified_time":"2024-07-08T08:45:01+00:00","twitter_card":"summary_large_image","twitter_misc":{"Gesch\u00e4tzte Lesezeit":"3\u00a0Minuten"},"schema":{"@context":"https:\/\/schema.org","@graph":[{"@type":"WebPage","@id":"https:\/\/bsc.lu\/de\/das-unternehmen\/","url":"https:\/\/bsc.lu\/de\/das-unternehmen\/","name":"BSC Building Solutions & Consulting - Vorstellung des Unternehmens","isPartOf":{"@id":"https:\/\/bsc.lu\/#website"},"datePublished":"2022-07-18T09:00:04+00:00","dateModified":"2024-07-08T08:45:01+00:00","breadcrumb":{"@id":"https:\/\/bsc.lu\/de\/das-unternehmen\/#breadcrumb"},"inLanguage":"de","potentialAction":[{"@type":"ReadAction","target":["https:\/\/bsc.lu\/de\/das-unternehmen\/"]}]},{"@type":"BreadcrumbList","@id":"https:\/\/bsc.lu\/de\/das-unternehmen\/#breadcrumb","itemListElement":[{"@type":"ListItem","position":1,"name":"Home","item":"https:\/\/bsc.lu\/de\/"},{"@type":"ListItem","position":2,"name":"Das Unternehmen"}]},{"@type":"WebSite","@id":"https:\/\/bsc.lu\/#website","url":"https:\/\/bsc.lu\/","name":"BSC - Building Solutions &amp; Consulting","description":"Un site utilisant WordPress","inLanguage":"de"}]}},"_links":{"self":[{"href":"https:\/\/bsc.lu\/de\/wp-json\/wp\/v2\/pages\/391","targetHints":{"allow":["GET"]}}],"collection":[{"href":"https:\/\/bsc.lu\/de\/wp-json\/wp\/v2\/pages"}],"about":[{"href":"https:\/\/bsc.lu\/de\/wp-json\/wp\/v2\/types\/page"}],"author":[{"embeddable":true,"href":"https:\/\/bsc.lu\/de\/wp-json\/wp\/v2\/users\/1"}],"replies":[{"embeddable":true,"href":"https:\/\/bsc.lu\/de\/wp-json\/wp\/v2\/comments?post=391"}],"version-history":[{"count":10,"href":"https:\/\/bsc.lu\/de\/wp-json\/wp\/v2\/pages\/391\/revisions"}],"predecessor-version":[{"id":613,"href":"https:\/\/bsc.lu\/de\/wp-json\/wp\/v2\/pages\/391\/revisions\/613"}],"wp:attachment":[{"href":"https:\/\/bsc.lu\/de\/wp-json\/wp\/v2\/media?parent=391"}],"curies":[{"name":"wp","href":"https:\/\/api.w.org\/{rel}","templated":true}]}}