{"id":153,"date":"2022-07-18T10:59:34","date_gmt":"2022-07-18T08:59:34","guid":{"rendered":"http:\/\/bsc.lu\/taetigkeitsfelder\/techniques-speciales\/"},"modified":"2023-04-19T08:34:30","modified_gmt":"2023-04-19T06:34:30","slug":"technische-gebaeudeausruestung","status":"publish","type":"page","link":"https:\/\/bsc.lu\/de\/taetigkeitsfelder\/technische-gebaeudeausruestung\/","title":{"rendered":"Technische Geb\u00e4udeausr\u00fcstung"},"content":{"rendered":"<p>[vc_section full_width=&#8220;stretch_row&#8220; el_id=&#8220;activity-intro&#8220; css=&#8220;.vc_custom_1658143253919{background-image: url(\/wp-content\/uploads\/2022\/07\/Group-799.png?id=138) !important;}&#8220;][vc_row el_id=&#8220;activity-intro-heading-row&#8220;][vc_column][vc_column_text]<\/p>\n<h1 class=\"upper\">Technische Geb\u00e4udeausr\u00fcstung<\/h1>\n<p>[\/vc_column_text][\/vc_column][\/vc_row][vc_row full_width=&#8220;stretch_row_content_no_spaces&#8220;][vc_column][vc_single_image image=&#8220;138&#8243; img_size=&#8220;full&#8220; alignment=&#8220;center&#8220; el_class=&#8220;no-space-img&#8220;][vc_column_text el_class=&#8220;hidden&#8220;]BSC wartet mit innovativen L\u00f6sungen in den Bereichen Elektrizit\u00e4t, Sanit\u00e4r, L\u00fcftungstechnik, Heizung und K\u00e4ltetechnik auf.[\/vc_column_text][vc_column_text el_id=&#8220;activity-breadcrumbs&#8220;]<a href=\"\/de\/taetigkeitsfelder\/\">T\u00e4tigkeitsfelder<\/a> &gt; <a href=\"#\">Technische Geb\u00e4udeausr\u00fcstung<\/a>[\/vc_column_text][\/vc_column][\/vc_row][\/vc_section][vc_section el_id=&#8220;activity-content-sec&#8220;][vc_row][vc_column][vc_column_text]Das Ingenieurb\u00fcro Building Solutions &amp; Consulting (BSC) bietet s\u00e4mtliche Leistungen im Bereich der <strong>Technischen Geb\u00e4udeausru\u0308stung (TGA)<\/strong> an, von der Planung bis hin zur Ausfu\u0308hrungsu\u0308berwachung. BSC wartet mit innovativen L\u00f6sungen in den Bereichen <strong>Elektrizit\u00e4t, Sanit\u00e4r, L\u00fcftungstechnik, Heizung und K\u00e4ltetechnik <\/strong>auf.[\/vc_column_text][vc_tta_accordion c_icon=&#8220;&#8220; active_section=&#8220;0&#8243; no_fill=&#8220;true&#8220; collapsible_all=&#8220;true&#8220; el_id=&#8220;activity-accordion&#8220;][vc_tta_section title=&#8220;HLK&#8220; tab_id=&#8220;hlk&#8220;][vc_column_text]<\/p>\n<ul>\n<li>Heizung<\/li>\n<li>Nutzung von Sonnenenergie<\/li>\n<li>L\u00fcftung<\/li>\n<li>Klimatechnik<\/li>\n<li>K\u00fchlung<\/li>\n<li>Fernw\u00e4rmenetze<\/li>\n<\/ul>\n<p>[\/vc_column_text][\/vc_tta_section][vc_tta_section title=&#8220;Elektrizit\u00e4t&#8220; tab_id=&#8220;elektrizitaet&#8220;][vc_column_text]<\/p>\n<ul>\n<li>Mittelspannung<\/li>\n<li>Niederspannung<\/li>\n<li>Sicherheitsvorrichtungen<\/li>\n<li>Schutzvorrichtungen<\/li>\n<li>Schwachstrom<\/li>\n<li>Lichtplanung f\u00fcr den Innen- und Au\u00dfenbereich<\/li>\n<li>Simulation von Photovoltaik-Anlagen<\/li>\n<\/ul>\n<p>[\/vc_column_text][\/vc_tta_section][vc_tta_section title=&#8220;Sanit\u00e4r&#8220; tab_id=&#8220;sanitaer&#8220;][vc_column_text]<\/p>\n<ul>\n<li>Sprinkleranlagen<\/li>\n<li>Wandhydranten<\/li>\n<li>Versorgungsleitungen<\/li>\n<li>Abwassersysteme (aller Art) und Regenwassersysteme<\/li>\n<li>Regenwassersammelanlagen<\/li>\n<\/ul>\n<p>[\/vc_column_text][\/vc_tta_section][vc_tta_section title=&#8220;Aufzugsanlagen&#8220; tab_id=&#8220;aufzugsanlagen&#8220;][vc_column_text]<\/p>\n<ul>\n<li>Personenaufz\u00fcge und Fahrzeuglifte<\/li>\n<li>Lastenaufz\u00fcge<\/li>\n<\/ul>\n<p>[\/vc_column_text][\/vc_tta_section][\/vc_tta_accordion][\/vc_column][\/vc_row][vc_row][vc_column][vc_btn title=&#8220;Download Infoflyer&#8220; align=&#8220;center&#8220; link=&#8220;url:%2Fwp-content%2Fuploads%2F2023%2F04%2FBSC-TS-20230418-FP-205&#215;292-DE.pdf|target:_blank&#8220; el_class=&#8220;cta-btn&#8220;][\/vc_column][\/vc_row][\/vc_section][vc_section el_id=&#8220;activity-gallery-sec&#8220;][vc_row][vc_column][vc_column_text]<\/p>\n<h2 class=\"upper al-center\">Fotogalerie<\/h2>\n<p>[\/vc_column_text][\/vc_column][\/vc_row][vc_row][vc_column][vc_gallery type=&#8220;image_grid&#8220; images=&#8220;148,140,142,144,146&#8243; img_size=&#8220;full&#8220;][\/vc_column][\/vc_row][vc_row full_width=&#8220;stretch_row_content_no_spaces&#8220; el_class=&#8220;skew-bot-row skew-bot-row-dark&#8220;][vc_column][\/vc_column][\/vc_row][\/vc_section][vc_section full_width=&#8220;stretch_row&#8220; el_id=&#8220;activity-reference-footer-sec&#8220; css=&#8220;.vc_custom_1658142321497{background-color: #66656a !important;}&#8220;][vc_row][vc_column][vc_column_text]<h2 class=\"white upper bot-mar-2 al-center top-mar-1\">Entdecken Sie unsere Projekte<\/h1><div id=\"ref-act-footer\" class=\"ref-act-footer-c-6 needs-slider\"><div class=\"ref-act-footer-item ref-act-footer-type-page\"><a href=\"https:\/\/bsc.lu\/de\/nouveau-site-mabilux\/\"><img decoding=\"async\" src=\"https:\/\/bsc.lu\/wp-content\/uploads\/2022\/07\/mabilux-featured-1024x768.jpg\"><div class=\"ref-act-footer-inner\"><span class=\"ref-act-footer-title\">Nouveau site Mabilux<\/span><\/div><\/a><\/div><div class=\"ref-act-footer-item ref-act-footer-type-page\"><a href=\"https:\/\/bsc.lu\/de\/batiment-dhabitation-multifamilial\/\"><img decoding=\"async\" src=\"https:\/\/bsc.lu\/wp-content\/uploads\/2022\/07\/20161173_PIANON_Echternach_02-1920x1380-1-1024x768.jpg\"><div class=\"ref-act-footer-inner\"><span class=\"ref-act-footer-title\">B\u00e2timent d\u2019habitation multifamilial<\/span><\/div><\/a><\/div><div class=\"ref-act-footer-item ref-act-footer-type-page\"><a href=\"https:\/\/bsc.lu\/de\/atelier-darchitecture-a-gasperich\/\"><img decoding=\"async\" src=\"https:\/\/bsc.lu\/wp-content\/uploads\/2022\/07\/2018_atelier-architecture-bf_gasperich_03-1024x768.jpg\"><div class=\"ref-act-footer-inner\"><span class=\"ref-act-footer-title\">Atelier d\u2019architecture \u00e0 Gasperich<\/span><\/div><\/a><\/div><div class=\"ref-act-footer-item ref-act-footer-type-page\"><a href=\"https:\/\/bsc.lu\/de\/restaurant-lakeside\/\"><img decoding=\"async\" src=\"https:\/\/bsc.lu\/wp-content\/uploads\/2022\/08\/IMG_6685-1024x768.jpg\"><div class=\"ref-act-footer-inner\"><span class=\"ref-act-footer-title\">Restaurant Lakeside<\/span><\/div><\/a><\/div><div class=\"ref-act-footer-item ref-act-footer-type-page\"><a href=\"https:\/\/bsc.lu\/de\/batiment-multifonctionnel-de-bureaux\/\"><img decoding=\"async\" src=\"https:\/\/bsc.lu\/wp-content\/uploads\/2022\/07\/20170311_115132-1920x1380-1-1024x768.jpg\"><div class=\"ref-act-footer-inner\"><span class=\"ref-act-footer-title\">B\u00e2timent multifonctionnel de bureaux<\/span><\/div><\/a><\/div><div class=\"ref-act-footer-item ref-act-footer-type-page\"><a href=\"https:\/\/bsc.lu\/de\/hall-de-tennis-de-bonnevoie\/\"><img decoding=\"async\" src=\"https:\/\/bsc.lu\/wp-content\/uploads\/2022\/07\/20140370_HALL-TENNIS_VDL_Bonnevoie_01-copie-1920x1080-1-1024x768.jpg\"><div class=\"ref-act-footer-inner\"><span class=\"ref-act-footer-title\">Hall de tennis de Bonnevoie<\/span><\/div><\/a><\/div><\/div>[\/vc_column_text][\/vc_column][\/vc_row][\/vc_section]<\/p>\n","protected":false},"excerpt":{"rendered":"<p>[vc_section full_width=&#8220;stretch_row&#8220; el_id=&#8220;activity-intro&#8220; css=&#8220;.vc_custom_1658143253919{background-image: url(\/wp-content\/uploads\/2022\/07\/Group-799.png?id=138) !important;}&#8220;][vc_row el_id=&#8220;activity-intro-heading-row&#8220;][vc_column][vc_column_text] Technische Geb\u00e4udeausr\u00fcstung [\/vc_column_text][\/vc_column][\/vc_row][vc_row full_width=&#8220;stretch_row_content_no_spaces&#8220;][vc_column][vc_single_image image=&#8220;138&#8243; img_size=&#8220;full&#8220; alignment=&#8220;center&#8220; el_class=&#8220;no-space-img&#8220;][vc_column_text el_class=&#8220;hidden&#8220;]BSC wartet mit innovativen L\u00f6sungen in den Bereichen Elektrizit\u00e4t, Sanit\u00e4r, L\u00fcftungstechnik,<span class=\"excerpt-hellip\"> [\u2026]<\/span><\/p>\n","protected":false},"author":1,"featured_media":149,"parent":132,"menu_order":0,"comment_status":"closed","ping_status":"closed","template":"","meta":{"footnotes":""},"class_list":["post-153","page","type-page","status-publish","has-post-thumbnail","hentry"],"yoast_head":"<!-- This site is optimized with the Yoast SEO plugin v19.14 - https:\/\/yoast.com\/wordpress\/plugins\/seo\/ -->\n<title>BSC Building Solution &amp; Consulting - T\u00e4tigkeitsfelder - Technische Geb\u00e4udeausr\u00fcstung<\/title>\n<meta name=\"robots\" content=\"index, follow, max-snippet:-1, max-image-preview:large, max-video-preview:-1\" \/>\n<link rel=\"canonical\" href=\"https:\/\/bsc.lu\/de\/taetigkeitsfelder\/technische-gebaeudeausruestung\/\" \/>\n<meta property=\"og:locale\" content=\"de_DE\" \/>\n<meta property=\"og:type\" content=\"article\" \/>\n<meta property=\"og:title\" content=\"BSC Building Solution &amp; Consulting - T\u00e4tigkeitsfelder - Technische Geb\u00e4udeausr\u00fcstung\" \/>\n<meta property=\"og:description\" content=\"[vc_section full_width=&#8220;stretch_row&#8220; el_id=&#8220;activity-intro&#8220; css=&#8220;.vc_custom_1658143253919{background-image: url(\/wp-content\/uploads\/2022\/07\/Group-799.png?id=138) !important;}&#8220;][vc_row el_id=&#8220;activity-intro-heading-row&#8220;][vc_column][vc_column_text] Technische Geb\u00e4udeausr\u00fcstung [\/vc_column_text][\/vc_column][\/vc_row][vc_row full_width=&#8220;stretch_row_content_no_spaces&#8220;][vc_column][vc_single_image image=&#8220;138&#8243; img_size=&#8220;full&#8220; alignment=&#8220;center&#8220; el_class=&#8220;no-space-img&#8220;][vc_column_text el_class=&#8220;hidden&#8220;]BSC wartet mit innovativen L\u00f6sungen in den Bereichen Elektrizit\u00e4t, Sanit\u00e4r, L\u00fcftungstechnik, [\u2026]\" \/>\n<meta property=\"og:url\" content=\"https:\/\/bsc.lu\/de\/taetigkeitsfelder\/technische-gebaeudeausruestung\/\" \/>\n<meta property=\"og:site_name\" content=\"BSC - Building Solutions &amp; Consulting\" \/>\n<meta property=\"article:modified_time\" content=\"2023-04-19T06:34:30+00:00\" \/>\n<meta property=\"og:image\" content=\"https:\/\/bsc.lu\/wp-content\/uploads\/2022\/07\/20160121_100956-1200x900-c-default.jpg\" \/>\n\t<meta property=\"og:image:width\" content=\"1200\" \/>\n\t<meta property=\"og:image:height\" content=\"900\" \/>\n\t<meta property=\"og:image:type\" content=\"image\/jpeg\" \/>\n<meta name=\"twitter:card\" content=\"summary_large_image\" \/>\n<meta name=\"twitter:label1\" content=\"Gesch\u00e4tzte Lesezeit\" \/>\n\t<meta name=\"twitter:data1\" content=\"1\u00a0Minute\" \/>\n<script type=\"application\/ld+json\" class=\"yoast-schema-graph\">{\"@context\":\"https:\/\/schema.org\",\"@graph\":[{\"@type\":\"WebPage\",\"@id\":\"https:\/\/bsc.lu\/de\/taetigkeitsfelder\/technische-gebaeudeausruestung\/\",\"url\":\"https:\/\/bsc.lu\/de\/taetigkeitsfelder\/technische-gebaeudeausruestung\/\",\"name\":\"BSC Building Solution & Consulting - T\u00e4tigkeitsfelder - Technische Geb\u00e4udeausr\u00fcstung\",\"isPartOf\":{\"@id\":\"https:\/\/bsc.lu\/#website\"},\"datePublished\":\"2022-07-18T08:59:34+00:00\",\"dateModified\":\"2023-04-19T06:34:30+00:00\",\"breadcrumb\":{\"@id\":\"https:\/\/bsc.lu\/de\/taetigkeitsfelder\/technische-gebaeudeausruestung\/#breadcrumb\"},\"inLanguage\":\"de\",\"potentialAction\":[{\"@type\":\"ReadAction\",\"target\":[\"https:\/\/bsc.lu\/de\/taetigkeitsfelder\/technische-gebaeudeausruestung\/\"]}]},{\"@type\":\"BreadcrumbList\",\"@id\":\"https:\/\/bsc.lu\/de\/taetigkeitsfelder\/technische-gebaeudeausruestung\/#breadcrumb\",\"itemListElement\":[{\"@type\":\"ListItem\",\"position\":1,\"name\":\"Home\",\"item\":\"https:\/\/bsc.lu\/de\/\"},{\"@type\":\"ListItem\",\"position\":2,\"name\":\"T\u00e4tigkeitsfelder\",\"item\":\"https:\/\/bsc.lu\/de\/taetigkeitsfelder\/\"},{\"@type\":\"ListItem\",\"position\":3,\"name\":\"Technische Geb\u00e4udeausr\u00fcstung\"}]},{\"@type\":\"WebSite\",\"@id\":\"https:\/\/bsc.lu\/#website\",\"url\":\"https:\/\/bsc.lu\/\",\"name\":\"BSC - Building Solutions &amp; Consulting\",\"description\":\"Un site utilisant WordPress\",\"inLanguage\":\"de\"}]}<\/script>\n<!-- \/ Yoast SEO plugin. -->","yoast_head_json":{"title":"BSC Building Solution & Consulting - T\u00e4tigkeitsfelder - Technische Geb\u00e4udeausr\u00fcstung","robots":{"index":"index","follow":"follow","max-snippet":"max-snippet:-1","max-image-preview":"max-image-preview:large","max-video-preview":"max-video-preview:-1"},"canonical":"https:\/\/bsc.lu\/de\/taetigkeitsfelder\/technische-gebaeudeausruestung\/","og_locale":"de_DE","og_type":"article","og_title":"BSC Building Solution & Consulting - T\u00e4tigkeitsfelder - Technische Geb\u00e4udeausr\u00fcstung","og_description":"[vc_section full_width=&#8220;stretch_row&#8220; el_id=&#8220;activity-intro&#8220; css=&#8220;.vc_custom_1658143253919{background-image: url(\/wp-content\/uploads\/2022\/07\/Group-799.png?id=138) !important;}&#8220;][vc_row el_id=&#8220;activity-intro-heading-row&#8220;][vc_column][vc_column_text] Technische Geb\u00e4udeausr\u00fcstung [\/vc_column_text][\/vc_column][\/vc_row][vc_row full_width=&#8220;stretch_row_content_no_spaces&#8220;][vc_column][vc_single_image image=&#8220;138&#8243; img_size=&#8220;full&#8220; alignment=&#8220;center&#8220; el_class=&#8220;no-space-img&#8220;][vc_column_text el_class=&#8220;hidden&#8220;]BSC wartet mit innovativen L\u00f6sungen in den Bereichen Elektrizit\u00e4t, Sanit\u00e4r, L\u00fcftungstechnik, [\u2026]","og_url":"https:\/\/bsc.lu\/de\/taetigkeitsfelder\/technische-gebaeudeausruestung\/","og_site_name":"BSC - Building Solutions &amp; Consulting","article_modified_time":"2023-04-19T06:34:30+00:00","og_image":[{"width":1200,"height":900,"url":"https:\/\/bsc.lu\/wp-content\/uploads\/2022\/07\/20160121_100956-1200x900-c-default.jpg","type":"image\/jpeg"}],"twitter_card":"summary_large_image","twitter_misc":{"Gesch\u00e4tzte Lesezeit":"1\u00a0Minute"},"schema":{"@context":"https:\/\/schema.org","@graph":[{"@type":"WebPage","@id":"https:\/\/bsc.lu\/de\/taetigkeitsfelder\/technische-gebaeudeausruestung\/","url":"https:\/\/bsc.lu\/de\/taetigkeitsfelder\/technische-gebaeudeausruestung\/","name":"BSC Building Solution & Consulting - T\u00e4tigkeitsfelder - Technische Geb\u00e4udeausr\u00fcstung","isPartOf":{"@id":"https:\/\/bsc.lu\/#website"},"datePublished":"2022-07-18T08:59:34+00:00","dateModified":"2023-04-19T06:34:30+00:00","breadcrumb":{"@id":"https:\/\/bsc.lu\/de\/taetigkeitsfelder\/technische-gebaeudeausruestung\/#breadcrumb"},"inLanguage":"de","potentialAction":[{"@type":"ReadAction","target":["https:\/\/bsc.lu\/de\/taetigkeitsfelder\/technische-gebaeudeausruestung\/"]}]},{"@type":"BreadcrumbList","@id":"https:\/\/bsc.lu\/de\/taetigkeitsfelder\/technische-gebaeudeausruestung\/#breadcrumb","itemListElement":[{"@type":"ListItem","position":1,"name":"Home","item":"https:\/\/bsc.lu\/de\/"},{"@type":"ListItem","position":2,"name":"T\u00e4tigkeitsfelder","item":"https:\/\/bsc.lu\/de\/taetigkeitsfelder\/"},{"@type":"ListItem","position":3,"name":"Technische Geb\u00e4udeausr\u00fcstung"}]},{"@type":"WebSite","@id":"https:\/\/bsc.lu\/#website","url":"https:\/\/bsc.lu\/","name":"BSC - Building Solutions &amp; Consulting","description":"Un site utilisant WordPress","inLanguage":"de"}]}},"_links":{"self":[{"href":"https:\/\/bsc.lu\/de\/wp-json\/wp\/v2\/pages\/153","targetHints":{"allow":["GET"]}}],"collection":[{"href":"https:\/\/bsc.lu\/de\/wp-json\/wp\/v2\/pages"}],"about":[{"href":"https:\/\/bsc.lu\/de\/wp-json\/wp\/v2\/types\/page"}],"author":[{"embeddable":true,"href":"https:\/\/bsc.lu\/de\/wp-json\/wp\/v2\/users\/1"}],"replies":[{"embeddable":true,"href":"https:\/\/bsc.lu\/de\/wp-json\/wp\/v2\/comments?post=153"}],"version-history":[{"count":4,"href":"https:\/\/bsc.lu\/de\/wp-json\/wp\/v2\/pages\/153\/revisions"}],"predecessor-version":[{"id":552,"href":"https:\/\/bsc.lu\/de\/wp-json\/wp\/v2\/pages\/153\/revisions\/552"}],"up":[{"embeddable":true,"href":"https:\/\/bsc.lu\/de\/wp-json\/wp\/v2\/pages\/132"}],"wp:featuredmedia":[{"embeddable":true,"href":"https:\/\/bsc.lu\/de\/wp-json\/wp\/v2\/media\/149"}],"wp:attachment":[{"href":"https:\/\/bsc.lu\/de\/wp-json\/wp\/v2\/media?parent=153"}],"curies":[{"name":"wp","href":"https:\/\/api.w.org\/{rel}","templated":true}]}}