{"id":132,"date":"2022-07-18T10:58:46","date_gmt":"2022-07-18T08:58:46","guid":{"rendered":"http:\/\/bsc.lu\/nos-activites\/"},"modified":"2022-08-08T09:21:10","modified_gmt":"2022-08-08T07:21:10","slug":"taetigkeitsfelder","status":"publish","type":"page","link":"https:\/\/bsc.lu\/de\/taetigkeitsfelder\/","title":{"rendered":"T\u00e4tigkeitsfelder"},"content":{"rendered":"<p>[vc_section full_width=&#8220;stretch_row&#8220; el_id=&#8220;intro&#8220; css=&#8220;.vc_custom_1658145487744{background-image: url(\/wp-content\/uploads\/2022\/07\/Group-610.png?id=156) !important;}&#8220;][vc_row][vc_column width=&#8220;1\/2&#8243;][vc_column_text]<\/p>\n<h1 class=\"upper\">T\u00e4tigkeitsfelder<\/h1>\n<p>[\/vc_column_text][\/vc_column][vc_column width=&#8220;1\/2&#8243;][\/vc_column][\/vc_row][vc_row full_width=&#8220;stretch_row_content_no_spaces&#8220; disable_element=&#8220;yes&#8220; el_class=&#8220;skew-bot-row skew-bot-row-dark&#8220;][vc_column][\/vc_column][\/vc_row][\/vc_section][vc_section el_id=&#8220;activity-sec&#8220; css=&#8220;.vc_custom_1652790355704{padding-top: 0px !important;}&#8220; el_class=&#8220;top-mar-4&#8243;][vc_row full_width=&#8220;stretch_row_content_no_spaces&#8220; disable_element=&#8220;yes&#8220; el_class=&#8220;skew-bot-row skew-top-row-dark&#8220;][vc_column][\/vc_column][\/vc_row][vc_row equal_height=&#8220;yes&#8220; el_class=&#8220;activity-grid-row top-mar-4&#8243;][vc_column width=&#8220;1\/3&#8243;][vc_single_image image=&#8220;148&#8243; img_size=&#8220;full&#8220; alignment=&#8220;center&#8220; onclick=&#8220;custom_link&#8220; link=&#8220;\/de\/taetigkeitsfelder\/technische-gebaeudeausruestung\/&#8220;][vc_column_text el_class=&#8220;activity-overlay activity-overlay-1 activity-overlay-black&#8220;]<a class=\"activity-overlay-link\" href=\"\/de\/taetigkeitsfelder\/technische-gebaeudeausruestung\/\"><span class=\"activity-overlay-inner-text\">BSC wartet mit innovativen L\u00f6sungen in den Bereichen Elektrizit\u00e4t, Sanit\u00e4r, L\u00fcftungstechnik, Heizung und K\u00e4ltetechnik auf.<\/span><\/a>[\/vc_column_text][vc_column_text el_class=&#8220;activity-grid-title upper&#8220;]<\/p>\n<h4><a href=\"\/de\/taetigkeitsfelder\/technische-gebaeudeausruestung\/\">Technische Geb\u00e4udeausr\u00fcstung<\/a><\/h4>\n<p>[\/vc_column_text][vc_column_text el_class=&#8220;activity-overlay-mob&#8220;]<a href=\"\/de\/taetigkeitsfelder\/technische-gebaeudeausruestung\/\"><span class=\"activity-overlay-inner-text\">BSC wartet mit innovativen L\u00f6sungen in den Bereichen Elektrizit\u00e4t, Sanit\u00e4r, L\u00fcftungstechnik, Heizung und K\u00e4ltetechnik auf.<\/span><\/a>[\/vc_column_text][\/vc_column][vc_column width=&#8220;1\/3&#8243; el_class=&#8220;hidden&#8220;][vc_single_image image=&#8220;117&#8243; img_size=&#8220;full&#8220; alignment=&#8220;center&#8220; onclick=&#8220;custom_link&#8220; link=&#8220;\/de\/taetigkeitsfelder\/energie-und-umwelt\/&#8220;][vc_column_text el_class=&#8220;activity-overlay activity-overlay-0&#8243;]<a class=\"activity-overlay-link\" href=\"\/de\/taetigkeitsfelder\/energie-und-umwelt\/\"><span class=\"activity-overlay-inner-text\">In enger Zusammenarbeit mit der QSUE-Abteilung: Energiepass, Zertifizierung nach BREEAM (britisches Nachhaltigkeitszertifikat), Passivhaus-Designer, Blower-Door-Test, Thermografie, W\u00e4rmebr\u00fccken, Beantragung von&#8230;<\/span><\/a>[\/vc_column_text][vc_column_text el_class=&#8220;activity-grid-title upper&#8220;]<\/p>\n<h4><a href=\"\/de\/taetigkeitsfelder\/energie-und-umwelt\/\">Energie und Umwelt<\/a><\/h4>\n<p>[\/vc_column_text][vc_column_text el_class=&#8220;activity-overlay-mob&#8220;]<a href=\"\/de\/taetigkeitsfelder\/energie-und-umwelt\/\"><span class=\"activity-overlay-inner-text\">In enger Zusammenarbeit mit der QSUE-Abteilung: Energiepass, Zertifizierung nach BREEAM (britisches Nachhaltigkeitszertifikat), Passivhaus-Designer, Blower-Door-Test, Thermografie, W\u00e4rmebr\u00fccken, Beantragung von&#8230;<\/span><\/a>[\/vc_column_text][\/vc_column][\/vc_row][\/vc_section]<\/p>\n","protected":false},"excerpt":{"rendered":"<p>[vc_section full_width=&#8220;stretch_row&#8220; el_id=&#8220;intro&#8220; css=&#8220;.vc_custom_1658145487744{background-image: url(\/wp-content\/uploads\/2022\/07\/Group-610.png?id=156) !important;}&#8220;][vc_row][vc_column width=&#8220;1\/2&#8243;][vc_column_text] T\u00e4tigkeitsfelder [\/vc_column_text][\/vc_column][vc_column width=&#8220;1\/2&#8243;][\/vc_column][\/vc_row][vc_row full_width=&#8220;stretch_row_content_no_spaces&#8220; disable_element=&#8220;yes&#8220; el_class=&#8220;skew-bot-row skew-bot-row-dark&#8220;][vc_column][\/vc_column][\/vc_row][\/vc_section][vc_section el_id=&#8220;activity-sec&#8220; css=&#8220;.vc_custom_1652790355704{padding-top: 0px !important;}&#8220; el_class=&#8220;top-mar-4&#8243;][vc_row full_width=&#8220;stretch_row_content_no_spaces&#8220; disable_element=&#8220;yes&#8220; el_class=&#8220;skew-bot-row skew-top-row-dark&#8220;][vc_column][\/vc_column][\/vc_row][vc_row equal_height=&#8220;yes&#8220; el_class=&#8220;activity-grid-row top-mar-4&#8243;][vc_column<span class=\"excerpt-hellip\"> [\u2026]<\/span><\/p>\n","protected":false},"author":1,"featured_media":0,"parent":0,"menu_order":0,"comment_status":"closed","ping_status":"closed","template":"","meta":{"footnotes":""},"class_list":["post-132","page","type-page","status-publish","hentry"],"yoast_head":"<!-- This site is optimized with the Yoast SEO plugin v19.14 - https:\/\/yoast.com\/wordpress\/plugins\/seo\/ -->\n<title>BSC Building Solutions &amp; Consulting - T\u00e4tigkeitsfelder<\/title>\n<meta name=\"robots\" content=\"index, follow, max-snippet:-1, max-image-preview:large, max-video-preview:-1\" \/>\n<link rel=\"canonical\" href=\"https:\/\/bsc.lu\/de\/taetigkeitsfelder\/\" \/>\n<meta property=\"og:locale\" content=\"de_DE\" \/>\n<meta property=\"og:type\" content=\"article\" \/>\n<meta property=\"og:title\" content=\"BSC Building Solutions &amp; Consulting - T\u00e4tigkeitsfelder\" \/>\n<meta property=\"og:description\" content=\"[vc_section full_width=&#8220;stretch_row&#8220; el_id=&#8220;intro&#8220; css=&#8220;.vc_custom_1658145487744{background-image: url(\/wp-content\/uploads\/2022\/07\/Group-610.png?id=156) !important;}&#8220;][vc_row][vc_column width=&#8220;1\/2&#8243;][vc_column_text] T\u00e4tigkeitsfelder [\/vc_column_text][\/vc_column][vc_column width=&#8220;1\/2&#8243;][\/vc_column][\/vc_row][vc_row full_width=&#8220;stretch_row_content_no_spaces&#8220; disable_element=&#8220;yes&#8220; el_class=&#8220;skew-bot-row skew-bot-row-dark&#8220;][vc_column][\/vc_column][\/vc_row][\/vc_section][vc_section el_id=&#8220;activity-sec&#8220; css=&#8220;.vc_custom_1652790355704{padding-top: 0px !important;}&#8220; el_class=&#8220;top-mar-4&#8243;][vc_row full_width=&#8220;stretch_row_content_no_spaces&#8220; disable_element=&#8220;yes&#8220; el_class=&#8220;skew-bot-row skew-top-row-dark&#8220;][vc_column][\/vc_column][\/vc_row][vc_row equal_height=&#8220;yes&#8220; el_class=&#8220;activity-grid-row top-mar-4&#8243;][vc_column [\u2026]\" \/>\n<meta property=\"og:url\" content=\"https:\/\/bsc.lu\/de\/taetigkeitsfelder\/\" \/>\n<meta property=\"og:site_name\" content=\"BSC - Building Solutions &amp; Consulting\" \/>\n<meta property=\"article:modified_time\" content=\"2022-08-08T07:21:10+00:00\" \/>\n<meta name=\"twitter:card\" content=\"summary_large_image\" \/>\n<meta name=\"twitter:label1\" content=\"Gesch\u00e4tzte Lesezeit\" \/>\n\t<meta name=\"twitter:data1\" content=\"1\u00a0Minute\" \/>\n<script type=\"application\/ld+json\" class=\"yoast-schema-graph\">{\"@context\":\"https:\/\/schema.org\",\"@graph\":[{\"@type\":\"WebPage\",\"@id\":\"https:\/\/bsc.lu\/de\/taetigkeitsfelder\/\",\"url\":\"https:\/\/bsc.lu\/de\/taetigkeitsfelder\/\",\"name\":\"BSC Building Solutions & Consulting - T\u00e4tigkeitsfelder\",\"isPartOf\":{\"@id\":\"https:\/\/bsc.lu\/#website\"},\"datePublished\":\"2022-07-18T08:58:46+00:00\",\"dateModified\":\"2022-08-08T07:21:10+00:00\",\"breadcrumb\":{\"@id\":\"https:\/\/bsc.lu\/de\/taetigkeitsfelder\/#breadcrumb\"},\"inLanguage\":\"de\",\"potentialAction\":[{\"@type\":\"ReadAction\",\"target\":[\"https:\/\/bsc.lu\/de\/taetigkeitsfelder\/\"]}]},{\"@type\":\"BreadcrumbList\",\"@id\":\"https:\/\/bsc.lu\/de\/taetigkeitsfelder\/#breadcrumb\",\"itemListElement\":[{\"@type\":\"ListItem\",\"position\":1,\"name\":\"Home\",\"item\":\"https:\/\/bsc.lu\/de\/\"},{\"@type\":\"ListItem\",\"position\":2,\"name\":\"T\u00e4tigkeitsfelder\"}]},{\"@type\":\"WebSite\",\"@id\":\"https:\/\/bsc.lu\/#website\",\"url\":\"https:\/\/bsc.lu\/\",\"name\":\"BSC - Building Solutions &amp; Consulting\",\"description\":\"Un site utilisant WordPress\",\"inLanguage\":\"de\"}]}<\/script>\n<!-- \/ Yoast SEO plugin. -->","yoast_head_json":{"title":"BSC Building Solutions & Consulting - T\u00e4tigkeitsfelder","robots":{"index":"index","follow":"follow","max-snippet":"max-snippet:-1","max-image-preview":"max-image-preview:large","max-video-preview":"max-video-preview:-1"},"canonical":"https:\/\/bsc.lu\/de\/taetigkeitsfelder\/","og_locale":"de_DE","og_type":"article","og_title":"BSC Building Solutions & Consulting - T\u00e4tigkeitsfelder","og_description":"[vc_section full_width=&#8220;stretch_row&#8220; el_id=&#8220;intro&#8220; css=&#8220;.vc_custom_1658145487744{background-image: url(\/wp-content\/uploads\/2022\/07\/Group-610.png?id=156) !important;}&#8220;][vc_row][vc_column width=&#8220;1\/2&#8243;][vc_column_text] T\u00e4tigkeitsfelder [\/vc_column_text][\/vc_column][vc_column width=&#8220;1\/2&#8243;][\/vc_column][\/vc_row][vc_row full_width=&#8220;stretch_row_content_no_spaces&#8220; disable_element=&#8220;yes&#8220; el_class=&#8220;skew-bot-row skew-bot-row-dark&#8220;][vc_column][\/vc_column][\/vc_row][\/vc_section][vc_section el_id=&#8220;activity-sec&#8220; css=&#8220;.vc_custom_1652790355704{padding-top: 0px !important;}&#8220; el_class=&#8220;top-mar-4&#8243;][vc_row full_width=&#8220;stretch_row_content_no_spaces&#8220; disable_element=&#8220;yes&#8220; el_class=&#8220;skew-bot-row skew-top-row-dark&#8220;][vc_column][\/vc_column][\/vc_row][vc_row equal_height=&#8220;yes&#8220; el_class=&#8220;activity-grid-row top-mar-4&#8243;][vc_column [\u2026]","og_url":"https:\/\/bsc.lu\/de\/taetigkeitsfelder\/","og_site_name":"BSC - Building Solutions &amp; Consulting","article_modified_time":"2022-08-08T07:21:10+00:00","twitter_card":"summary_large_image","twitter_misc":{"Gesch\u00e4tzte Lesezeit":"1\u00a0Minute"},"schema":{"@context":"https:\/\/schema.org","@graph":[{"@type":"WebPage","@id":"https:\/\/bsc.lu\/de\/taetigkeitsfelder\/","url":"https:\/\/bsc.lu\/de\/taetigkeitsfelder\/","name":"BSC Building Solutions & Consulting - T\u00e4tigkeitsfelder","isPartOf":{"@id":"https:\/\/bsc.lu\/#website"},"datePublished":"2022-07-18T08:58:46+00:00","dateModified":"2022-08-08T07:21:10+00:00","breadcrumb":{"@id":"https:\/\/bsc.lu\/de\/taetigkeitsfelder\/#breadcrumb"},"inLanguage":"de","potentialAction":[{"@type":"ReadAction","target":["https:\/\/bsc.lu\/de\/taetigkeitsfelder\/"]}]},{"@type":"BreadcrumbList","@id":"https:\/\/bsc.lu\/de\/taetigkeitsfelder\/#breadcrumb","itemListElement":[{"@type":"ListItem","position":1,"name":"Home","item":"https:\/\/bsc.lu\/de\/"},{"@type":"ListItem","position":2,"name":"T\u00e4tigkeitsfelder"}]},{"@type":"WebSite","@id":"https:\/\/bsc.lu\/#website","url":"https:\/\/bsc.lu\/","name":"BSC - Building Solutions &amp; Consulting","description":"Un site utilisant WordPress","inLanguage":"de"}]}},"_links":{"self":[{"href":"https:\/\/bsc.lu\/de\/wp-json\/wp\/v2\/pages\/132","targetHints":{"allow":["GET"]}}],"collection":[{"href":"https:\/\/bsc.lu\/de\/wp-json\/wp\/v2\/pages"}],"about":[{"href":"https:\/\/bsc.lu\/de\/wp-json\/wp\/v2\/types\/page"}],"author":[{"embeddable":true,"href":"https:\/\/bsc.lu\/de\/wp-json\/wp\/v2\/users\/1"}],"replies":[{"embeddable":true,"href":"https:\/\/bsc.lu\/de\/wp-json\/wp\/v2\/comments?post=132"}],"version-history":[{"count":5,"href":"https:\/\/bsc.lu\/de\/wp-json\/wp\/v2\/pages\/132\/revisions"}],"predecessor-version":[{"id":433,"href":"https:\/\/bsc.lu\/de\/wp-json\/wp\/v2\/pages\/132\/revisions\/433"}],"wp:attachment":[{"href":"https:\/\/bsc.lu\/de\/wp-json\/wp\/v2\/media?parent=132"}],"curies":[{"name":"wp","href":"https:\/\/api.w.org\/{rel}","templated":true}]}}